{"id":264,"date":"2022-01-08T17:31:56","date_gmt":"2022-01-08T17:31:56","guid":{"rendered":"http:\/\/bombomboleo.lv\/?page_id=264"},"modified":"2022-01-09T15:57:14","modified_gmt":"2022-01-09T15:57:14","slug":"bombejas-kaki","status":"publish","type":"page","link":"http:\/\/bombomboleo.lv\/index.php\/bombejas-kaki\/","title":{"rendered":"Bombejas"},"content":{"rendered":"\t\t<div data-elementor-type=\"wp-page\" data-elementor-id=\"264\" class=\"elementor elementor-264\">\n\t\t\t\t\t\t\t\t\t<section class=\"elementor-section elementor-top-section elementor-element elementor-element-b12185c elementor-section-boxed elementor-section-height-default elementor-section-height-default\" data-id=\"b12185c\" data-element_type=\"section\" data-settings=\"{&quot;_ha_eqh_enable&quot;:false}\">\n\t\t\t\t\t\t<div class=\"elementor-container elementor-column-gap-default\">\n\t\t\t\t\t<div class=\"elementor-column elementor-col-100 elementor-top-column elementor-element elementor-element-cb8632a\" data-id=\"cb8632a\" data-element_type=\"column\">\n\t\t\t<div class=\"elementor-widget-wrap elementor-element-populated\">\n\t\t\t\t\t\t\t\t<div class=\"elementor-element elementor-element-a6cb9d2 elementor-widget elementor-widget-heading\" data-id=\"a6cb9d2\" data-element_type=\"widget\" data-widget_type=\"heading.default\">\n\t\t\t\t<div class=\"elementor-widget-container\">\n\t\t\t<style>\/*! elementor - v3.13.2 - 11-05-2023 *\/\n.elementor-heading-title{padding:0;margin:0;line-height:1}.elementor-widget-heading .elementor-heading-title[class*=elementor-size-]>a{color:inherit;font-size:inherit;line-height:inherit}.elementor-widget-heading .elementor-heading-title.elementor-size-small{font-size:15px}.elementor-widget-heading .elementor-heading-title.elementor-size-medium{font-size:19px}.elementor-widget-heading .elementor-heading-title.elementor-size-large{font-size:29px}.elementor-widget-heading .elementor-heading-title.elementor-size-xl{font-size:39px}.elementor-widget-heading .elementor-heading-title.elementor-size-xxl{font-size:59px}<\/style><h2 class=\"elementor-heading-title elementor-size-default\">Bombejas ka\u0137i<\/h2>\t\t<\/div>\n\t\t\t\t<\/div>\n\t\t\t\t\t<\/div>\n\t\t<\/div>\n\t\t\t\t\t\t\t<\/div>\n\t\t<\/section>\n\t\t\t\t<section class=\"elementor-section elementor-top-section elementor-element elementor-element-6d7dcec elementor-section-boxed elementor-section-height-default elementor-section-height-default\" data-id=\"6d7dcec\" data-element_type=\"section\" data-settings=\"{&quot;_ha_eqh_enable&quot;:false}\">\n\t\t\t\t\t\t<div class=\"elementor-container elementor-column-gap-default\">\n\t\t\t\t\t<div class=\"elementor-column elementor-col-66 elementor-top-column elementor-element elementor-element-bb48299\" data-id=\"bb48299\" data-element_type=\"column\">\n\t\t\t<div class=\"elementor-widget-wrap elementor-element-populated\">\n\t\t\t\t\t\t\t\t<div class=\"elementor-element elementor-element-d4aad68 elementor-widget elementor-widget-text-editor\" data-id=\"d4aad68\" data-element_type=\"widget\" data-widget_type=\"text-editor.default\">\n\t\t\t\t<div class=\"elementor-widget-container\">\n\t\t\t<style>\/*! elementor - v3.13.2 - 11-05-2023 *\/\n.elementor-widget-text-editor.elementor-drop-cap-view-stacked .elementor-drop-cap{background-color:#69727d;color:#fff}.elementor-widget-text-editor.elementor-drop-cap-view-framed .elementor-drop-cap{color:#69727d;border:3px solid;background-color:transparent}.elementor-widget-text-editor:not(.elementor-drop-cap-view-default) .elementor-drop-cap{margin-top:8px}.elementor-widget-text-editor:not(.elementor-drop-cap-view-default) .elementor-drop-cap-letter{width:1em;height:1em}.elementor-widget-text-editor .elementor-drop-cap{float:left;text-align:center;line-height:1;font-size:50px}.elementor-widget-text-editor .elementor-drop-cap-letter{display:inline-block}<\/style>\t\t\t\t<p>&#8220;Es v\u0113los ieg\u016bt panteru!&#8221; \u2013 ar t\u0101du saukli Bombejas ka\u0137u selekcijas darbu uzs\u0101ka paz\u012bstama amerik\u0101\u0146u ka\u0137u audz\u0113t\u0101ja, \u0160evn\u012b audz\u0113tavas \u012bpa\u0161niece Nikija Hornere no Luisvilas Kentuki pavalst\u012b (ASV). Zinot, ka liel\u0101k\u0101 da\u013ca cilv\u0113ku nekad nevar\u0113s ieg\u0101d\u0101ties panteru, Horneres kundze \u0137\u0113r\u0101s pie darba, lai rad\u012btu mini panteru.<\/p><p><br \/>1958. gad\u0101 Hornere sakrustoja melnu Amerikas \u012bsspalvaino ka\u0137i ar tum\u0161br\u016bno burmu. Metien\u0101 ieg\u016btie ka\u0137\u0113ni sagr\u0101va visas vi\u0146as cer\u012bbas, jo tie l\u012bdzin\u0101j\u0101s Amerikas \u012bsspalvainajiem ka\u0137iem un visai maz atg\u0101din\u0101ja panteras. Visi metiena dz\u012bvnieki tika steriliz\u0113ti un p\u0101rdoti k\u0101 m\u0101jas ka\u0137i. Ta\u010du sapnis par panteru joproj\u0101m saglab\u0101j\u0101s, un, p\u0101rojot, atlasot, izv\u0113loties partnerus, Hornerei izdev\u0101s ieg\u016bt perfektu tum\u0161br\u016bnu burmu un t\u0101du melnu Amerikas \u012bsspalvaino ka\u0137i, kura zeltaini mirdzo\u0161\u0101s acis skaidri liecin\u0101ja, ka t\u0101 dz\u012bsl\u0101s rit ar\u012b Persijas ka\u0137u asinis.Vi\u0146a sakrustoja \u0161os dz\u012bvniekus, un sapnis \u012bstenoj\u0101s \u2013 metien\u0101 piedzima ka\u0137\u0113ni, kuri bija l\u012bdz\u012bgi miniat\u016br\u0101m panter\u0101m. Selekcijas darbs turpin\u0101j\u0101s, simtiem ka\u0137\u0113nu tika izbr\u0101\u0137\u0113ti, pirms izdev\u0101s nostiprin\u0101t Bombejas ka\u0137u fenotipu. Tikai 1976. gad\u0101, asto\u0146padsmit gadus p\u0113c pirm\u0101 eksperiment\u0101l\u0101 metiena ieguves, Bombejas ka\u0137u \u0161\u0137irne beidzot tika apstiprin\u0101ta.<\/p>\t\t\t\t\t\t<\/div>\n\t\t\t\t<\/div>\n\t\t\t\t\t<\/div>\n\t\t<\/div>\n\t\t\t\t<div class=\"elementor-column elementor-col-33 elementor-top-column elementor-element elementor-element-404d1b3\" data-id=\"404d1b3\" data-element_type=\"column\">\n\t\t\t<div class=\"elementor-widget-wrap elementor-element-populated\">\n\t\t\t\t\t\t\t\t<div class=\"elementor-element elementor-element-3ff172e elementor-widget elementor-widget-image\" data-id=\"3ff172e\" data-element_type=\"widget\" data-widget_type=\"image.default\">\n\t\t\t\t<div class=\"elementor-widget-container\">\n\t\t\t<style>\/*! elementor - v3.13.2 - 11-05-2023 *\/\n.elementor-widget-image{text-align:center}.elementor-widget-image a{display:inline-block}.elementor-widget-image a img[src$=\".svg\"]{width:48px}.elementor-widget-image img{vertical-align:middle;display:inline-block}<\/style>\t\t\t\t\t\t\t\t\t\t\t\t<img decoding=\"async\" width=\"640\" height=\"426\" src=\"http:\/\/bombomboleo.lv\/wp-content\/uploads\/2022\/01\/bom.jpg\" class=\"attachment-full size-full wp-image-266\" alt=\"\" loading=\"lazy\" srcset=\"http:\/\/bombomboleo.lv\/wp-content\/uploads\/2022\/01\/bom.jpg 640w, http:\/\/bombomboleo.lv\/wp-content\/uploads\/2022\/01\/bom-300x200.jpg 300w\" sizes=\"(max-width: 640px) 100vw, 640px\" \/>\t\t\t\t\t\t\t\t\t\t\t\t\t\t\t<\/div>\n\t\t\t\t<\/div>\n\t\t\t\t\t<\/div>\n\t\t<\/div>\n\t\t\t\t\t\t\t<\/div>\n\t\t<\/section>\n\t\t\t\t<section class=\"elementor-section elementor-top-section elementor-element elementor-element-2c59fd8 elementor-section-boxed elementor-section-height-default elementor-section-height-default\" data-id=\"2c59fd8\" data-element_type=\"section\" data-settings=\"{&quot;_ha_eqh_enable&quot;:false}\">\n\t\t\t\t\t\t<div class=\"elementor-container elementor-column-gap-default\">\n\t\t\t\t\t<div class=\"elementor-column elementor-col-33 elementor-top-column elementor-element elementor-element-13755c5\" data-id=\"13755c5\" data-element_type=\"column\">\n\t\t\t<div class=\"elementor-widget-wrap elementor-element-populated\">\n\t\t\t\t\t\t\t\t<div class=\"elementor-element elementor-element-6624db0 elementor-widget elementor-widget-image\" data-id=\"6624db0\" data-element_type=\"widget\" data-widget_type=\"image.default\">\n\t\t\t\t<div class=\"elementor-widget-container\">\n\t\t\t\t\t\t\t\t\t\t\t\t\t\t\t<img decoding=\"async\" width=\"1024\" height=\"682\" src=\"http:\/\/bombomboleo.lv\/wp-content\/uploads\/2022\/01\/WhatsApp-Image-2022-01-08-at-16.04.55-3.jpeg\" class=\"attachment-large size-large wp-image-268\" alt=\"\" loading=\"lazy\" srcset=\"http:\/\/bombomboleo.lv\/wp-content\/uploads\/2022\/01\/WhatsApp-Image-2022-01-08-at-16.04.55-3.jpeg 1024w, http:\/\/bombomboleo.lv\/wp-content\/uploads\/2022\/01\/WhatsApp-Image-2022-01-08-at-16.04.55-3-300x200.jpeg 300w, http:\/\/bombomboleo.lv\/wp-content\/uploads\/2022\/01\/WhatsApp-Image-2022-01-08-at-16.04.55-3-768x512.jpeg 768w\" sizes=\"(max-width: 1024px) 100vw, 1024px\" \/>\t\t\t\t\t\t\t\t\t\t\t\t\t\t\t<\/div>\n\t\t\t\t<\/div>\n\t\t\t\t\t<\/div>\n\t\t<\/div>\n\t\t\t\t<div class=\"elementor-column elementor-col-66 elementor-top-column elementor-element elementor-element-9ce029c\" data-id=\"9ce029c\" data-element_type=\"column\">\n\t\t\t<div class=\"elementor-widget-wrap elementor-element-populated\">\n\t\t\t\t\t\t\t\t<div class=\"elementor-element elementor-element-f78668c elementor-widget elementor-widget-text-editor\" data-id=\"f78668c\" data-element_type=\"widget\" data-widget_type=\"text-editor.default\">\n\t\t\t\t<div class=\"elementor-widget-container\">\n\t\t\t\t\t\t\t<p style=\"font-size: 16px; font-style: normal; font-weight: 400;\">Eirop\u0101, tai skait\u0101 Lielbrit\u0101nij\u0101, 1990. gad\u0101 da\u017ei klubi apstiprin\u0101ja \u0161\u0137irnes standartu, bet citi to nav atzinu\u0161i v\u0113l \u0161odien. P\u0113c \u0101r\u0113j\u0101 izskata Bombejas ka\u0137is atg\u0101dina burmu ar vid\u0113ja lieluma musku\u013cotu \u0137ermeni, kas balst\u0101s uz tiev\u0101m k\u0101j\u0101m ar ov\u0101l\u0101m \u0137ep\u0101m. Aste sa\u0161aurin\u0101s virzien\u0101 uz galu, vid\u0113ji gara. Galva ir \u012bsa, plata, ar rakstur\u012bgu p\u0101reju no pieres uz degunu; ausis ir t\u0101lu novietotas viena no otras, un to gali ir noapa\u013coti. Visfantastisk\u0101k\u0101 ir Bombejas ka\u0137a vilna \u2013 \u012bsa, krauk\u013ca melna, bez pavilnas, sp\u012bd\u012bga un atg\u0101dina lak\u0101du \u2013 un zeltaini mirdzo\u0161\u0101s acis. Felinologi uzskata, ka Bombejas ka\u0137is p\u0113c izskata at\u0161\u0137iras no jebkura cita melna ka\u0137a. Ka\u0137is ir temperament\u012bgs, prasa uzman\u012bbu no saimnieka, bet labi satiek ar b\u0113rniem un su\u0146iem.<\/p>\t\t\t\t\t\t<\/div>\n\t\t\t\t<\/div>\n\t\t\t\t\t<\/div>\n\t\t<\/div>\n\t\t\t\t\t\t\t<\/div>\n\t\t<\/section>\n\t\t\t\t<section class=\"elementor-section elementor-top-section elementor-element elementor-element-ba7e9f7 elementor-section-boxed elementor-section-height-default elementor-section-height-default\" data-id=\"ba7e9f7\" data-element_type=\"section\" data-settings=\"{&quot;_ha_eqh_enable&quot;:false}\">\n\t\t\t\t\t\t<div class=\"elementor-container elementor-column-gap-default\">\n\t\t\t\t\t<div class=\"elementor-column elementor-col-66 elementor-top-column elementor-element elementor-element-5aa39e3\" data-id=\"5aa39e3\" data-element_type=\"column\">\n\t\t\t<div class=\"elementor-widget-wrap elementor-element-populated\">\n\t\t\t\t\t\t\t\t<div class=\"elementor-element elementor-element-02b1fc0 elementor-widget elementor-widget-text-editor\" data-id=\"02b1fc0\" data-element_type=\"widget\" data-widget_type=\"text-editor.default\">\n\t\t\t\t<div class=\"elementor-widget-container\">\n\t\t\t\t\t\t\t\t\t\t\t\t\t<\/div>\n\t\t\t\t<\/div>\n\t\t\t\t\t<\/div>\n\t\t<\/div>\n\t\t\t\t<div class=\"elementor-column elementor-col-33 elementor-top-column elementor-element elementor-element-7e2ba9d\" data-id=\"7e2ba9d\" data-element_type=\"column\">\n\t\t\t<div class=\"elementor-widget-wrap elementor-element-populated\">\n\t\t\t\t\t\t\t\t<div class=\"elementor-element elementor-element-182606a elementor-widget elementor-widget-image\" data-id=\"182606a\" data-element_type=\"widget\" data-widget_type=\"image.default\">\n\t\t\t\t<div class=\"elementor-widget-container\">\n\t\t\t\t\t\t\t\t\t\t\t\t\t\t\t<img decoding=\"async\" width=\"1024\" height=\"682\" src=\"http:\/\/bombomboleo.lv\/wp-content\/uploads\/2022\/01\/WhatsApp-Image-2022-01-08-at-16.04.56.jpeg\" class=\"attachment-large size-large wp-image-271\" alt=\"\" loading=\"lazy\" srcset=\"http:\/\/bombomboleo.lv\/wp-content\/uploads\/2022\/01\/WhatsApp-Image-2022-01-08-at-16.04.56.jpeg 1024w, http:\/\/bombomboleo.lv\/wp-content\/uploads\/2022\/01\/WhatsApp-Image-2022-01-08-at-16.04.56-300x200.jpeg 300w, http:\/\/bombomboleo.lv\/wp-content\/uploads\/2022\/01\/WhatsApp-Image-2022-01-08-at-16.04.56-768x512.jpeg 768w\" sizes=\"(max-width: 1024px) 100vw, 1024px\" \/>\t\t\t\t\t\t\t\t\t\t\t\t\t\t\t<\/div>\n\t\t\t\t<\/div>\n\t\t\t\t\t<\/div>\n\t\t<\/div>\n\t\t\t\t\t\t\t<\/div>\n\t\t<\/section>\n\t\t\t\t\t\t\t<\/div>\n\t\t","protected":false},"excerpt":{"rendered":"<p>Bombejas ka\u0137i &#8220;Es v\u0113los ieg\u016bt panteru!&#8221; \u2013 ar t\u0101du saukli Bombejas ka\u0137u selekcijas darbu uzs\u0101ka paz\u012bstama amerik\u0101\u0146u ka\u0137u audz\u0113t\u0101ja, \u0160evn\u012b audz\u0113tavas \u012bpa\u0161niece Nikija Hornere no Luisvilas Kentuki pavalst\u012b (ASV). Zinot, ka liel\u0101k\u0101 da\u013ca cilv\u0113ku nekad nevar\u0113s ieg\u0101d\u0101ties panteru, Horneres kundze \u0137\u0113r\u0101s pie darba, lai rad\u012btu mini panteru. 1958. gad\u0101 Hornere sakrustoja melnu Amerikas \u012bsspalvaino ka\u0137i &hellip;<\/p>\n<p class=\"read-more\"> <a class=\"\" href=\"http:\/\/bombomboleo.lv\/index.php\/bombejas-kaki\/\"> <span class=\"screen-reader-text\">Bombejas<\/span> Read More &raquo;<\/a><\/p>\n","protected":false},"author":1,"featured_media":0,"parent":0,"menu_order":0,"comment_status":"closed","ping_status":"closed","template":"","meta":{"site-sidebar-layout":"no-sidebar","site-content-layout":"page-builder","ast-global-header-display":"","ast-banner-title-visibility":"","ast-main-header-display":"","ast-hfb-above-header-display":"","ast-hfb-below-header-display":"","ast-hfb-mobile-header-display":"","site-post-title":"disabled","ast-breadcrumbs-content":"","ast-featured-img":"disabled","footer-sml-layout":"","theme-transparent-header-meta":"","adv-header-id-meta":"","stick-header-meta":"","header-above-stick-meta":"","header-main-stick-meta":"","header-below-stick-meta":""},"aioseo_notices":[],"lang":"lv","translations":{"en":660,"lv":264,"ru":724},"pll_sync_post":[],"_links":{"self":[{"href":"http:\/\/bombomboleo.lv\/index.php\/wp-json\/wp\/v2\/pages\/264"}],"collection":[{"href":"http:\/\/bombomboleo.lv\/index.php\/wp-json\/wp\/v2\/pages"}],"about":[{"href":"http:\/\/bombomboleo.lv\/index.php\/wp-json\/wp\/v2\/types\/page"}],"author":[{"embeddable":true,"href":"http:\/\/bombomboleo.lv\/index.php\/wp-json\/wp\/v2\/users\/1"}],"replies":[{"embeddable":true,"href":"http:\/\/bombomboleo.lv\/index.php\/wp-json\/wp\/v2\/comments?post=264"}],"version-history":[{"count":18,"href":"http:\/\/bombomboleo.lv\/index.php\/wp-json\/wp\/v2\/pages\/264\/revisions"}],"predecessor-version":[{"id":361,"href":"http:\/\/bombomboleo.lv\/index.php\/wp-json\/wp\/v2\/pages\/264\/revisions\/361"}],"wp:attachment":[{"href":"http:\/\/bombomboleo.lv\/index.php\/wp-json\/wp\/v2\/media?parent=264"}],"curies":[{"name":"wp","href":"https:\/\/api.w.org\/{rel}","templated":true}]}}